{"id":475,"date":"2020-10-13T18:31:00","date_gmt":"2020-10-13T16:31:00","guid":{"rendered":"http:\/\/127.0.0.1\/wordpress\/?page_id=475"},"modified":"2023-02-28T18:26:19","modified_gmt":"2023-02-28T17:26:19","slug":"kontakt","status":"publish","type":"page","link":"https:\/\/extratrapez.pl\/?page_id=475","title":{"rendered":"Kontakt"},"content":{"rendered":"<p><img width=\"262\" height=\"53\" src=\"https:\/\/extratrapez.pl\/wp-content\/uploads\/2020\/10\/logo.jpg\" alt=\"\" loading=\"lazy\" srcset=\"https:\/\/extratrapez.pl\/wp-content\/uploads\/2020\/10\/logo.jpg 262w, https:\/\/extratrapez.pl\/wp-content\/uploads\/2020\/10\/logo-100x20.jpg 100w\" sizes=\"(max-width: 262px) 100vw, 262px\" \/>\t\t\t\t\t\t\t\t\t\t\t<\/p>\n<h2>Oddzia\u0142 Krak\u00f3w<\/h2>\n<p>\t\t\t\t\t\t\t<a href=\"http:\/\/extratrapez.pl\/wp-content\/uploads\/2020\/10\/Biuro_KrakC3B3w_4-scaled.jpg\" data-elementor-open-lightbox=\"yes\" data-elementor-lightbox-slideshow=\"a8292a7\" data-elementor-lightbox-title=\"Biuro_Krakw_(4)\"><br \/>\n\t\t<\/a><br \/>\n\t\t\t\t\t\t\t<a href=\"http:\/\/extratrapez.pl\/wp-content\/uploads\/2020\/10\/Biuro_KrakC3B3w_3-scaled.jpg\" data-elementor-open-lightbox=\"yes\" data-elementor-lightbox-slideshow=\"a8292a7\" data-elementor-lightbox-title=\"Biuro_Krakw_(3)\"><br \/>\n\t\t<\/a><br \/>\n\t\t\t\t\t\t\t<a href=\"http:\/\/extratrapez.pl\/wp-content\/uploads\/2020\/10\/Biuro_KrakC3B3w_5-scaled.jpg\" data-elementor-open-lightbox=\"yes\" data-elementor-lightbox-slideshow=\"a8292a7\" data-elementor-lightbox-title=\"Biuro_Krakw_(5)\"><br \/>\n\t\t<\/a><br \/>\n\t\t\t\t\t\t\tPrevious<br \/>\n\t\t\t\t\t\t\tNext<br \/>\n\t\t<\/a><br \/>\n\t\t<\/a><br \/>\n\t\t<\/a>\t\t\t\t\t\t<\/p>\n<ul>\n<li>\n\t\t\t\t\t\t\t\t\t\tul. Tyniecka 215 <br \/>30-381 Krak\u00f3w\n\t\t\t\t\t\t\t\t\t<\/li>\n<li>\n\t\t\t\t\t<a href=\"tel:%20880%20255%20333\u200b\"><br \/>\n\t\t\t\t\t\t\t\t\t\tW\u0142a\u015bciciel: <br \/>880 255 333<br \/>\n\t\t\t\t\t\t\t\t\t\t\t<\/a>\n\t\t\t\t\t\t\t\t\t<\/li>\n<li>\n\t\t\t\t\t<a href=\"tel:%20690%20800%20047\"><br \/>\n\t\t\t\t\t\t\t\t\t\tDoradca Handlowo-Techniczny: <br \/>Dawid 690 800 047<br \/>\n\t\t\t\t\t\t\t\t\t\t\t<\/a>\n\t\t\t\t\t\t\t\t\t<\/li>\n<li>\n\t\t\t\t\t<a href=\"mailto:%20biuro@extratrapez.pl\"><br \/>\n\t\t\t\t\t\t\t\t\t\t biuro@extratrapez.pl<br \/>\n\t\t\t\t\t\t\t\t\t\t\t<\/a>\n\t\t\t\t\t\t\t\t\t<\/li>\n<li>\n\t\t\t\t\t<a href=\"http:\/\/facebook.com\/extratrapez\/\u200b\"><br \/>\n\t\t\t\t\t\t\t\t\t\tfacebook.com\/extratrapez\/<br \/>\n\t\t\t\t\t\t\t\t\t\t\t<\/a>\n\t\t\t\t\t\t\t\t\t<\/li>\n<\/ul>\n<p>\t\t\t<iframe frameborder=\"0\" scrolling=\"no\" marginheight=\"0\" marginwidth=\"0\" src=\"https:\/\/maps.google.com\/maps?q=ul.%20Tyniecka%20215%20%2030-381%20Krak%C3%B3w&amp;t=m&amp;z=10&amp;output=embed&amp;iwloc=near\" title=\"ul. Tyniecka 215  30-381 Krak\u00f3w\" aria-label=\"ul. Tyniecka 215  30-381 Krak\u00f3w\"><\/iframe>\t\t<\/p>\n<h2>Oddzia\u0142 Rabka-Zdr\u00f3j<\/h2>\n<p>\t\t\t\t\t\t\t<a href=\"http:\/\/extratrapez.pl\/wp-content\/uploads\/2020\/10\/Biuro-Rabka-Zdroj-6.jpg\" data-elementor-open-lightbox=\"yes\" data-elementor-lightbox-slideshow=\"6d9c31f\" data-elementor-lightbox-title=\"Biuro Rabka Zdr\u00f3j (6)\"><br \/>\n\t\t<\/a><br \/>\n\t\t\t\t\t\t\t<a href=\"http:\/\/extratrapez.pl\/wp-content\/uploads\/2020\/10\/Biuro-Rabka-Zdroj-7.jpg\" data-elementor-open-lightbox=\"yes\" data-elementor-lightbox-slideshow=\"6d9c31f\" data-elementor-lightbox-title=\"Biuro Rabka Zdr\u00f3j (7)\"><br \/>\n\t\t<\/a><br \/>\n\t\t\t\t\t\t\t<a href=\"http:\/\/extratrapez.pl\/wp-content\/uploads\/2020\/10\/Biuro-Rabka-Zdroj-8.jpg\" data-elementor-open-lightbox=\"yes\" data-elementor-lightbox-slideshow=\"6d9c31f\" data-elementor-lightbox-title=\"Biuro Rabka Zdr\u00f3j (8)\"><br \/>\n\t\t<\/a><br \/>\n\t\t\t\t\t\t\t<a href=\"http:\/\/extratrapez.pl\/wp-content\/uploads\/2020\/10\/Biuro-Rabka-Zdroj-9.jpg\" data-elementor-open-lightbox=\"yes\" data-elementor-lightbox-slideshow=\"6d9c31f\" data-elementor-lightbox-title=\"Biuro Rabka Zdr\u00f3j (9)\"><br \/>\n\t\t<\/a><br \/>\n\t\t\t\t\t\t\t<a href=\"http:\/\/extratrapez.pl\/wp-content\/uploads\/2020\/10\/Biuro-Rabka-Zdroj-10.jpg\" data-elementor-open-lightbox=\"yes\" data-elementor-lightbox-slideshow=\"6d9c31f\" data-elementor-lightbox-title=\"Biuro Rabka Zdr\u00f3j (10)\"><br \/>\n\t\t<\/a><br \/>\n\t\t\t\t\t\t\t<a href=\"http:\/\/extratrapez.pl\/wp-content\/uploads\/2020\/10\/Biuro-Rabka-Zdroj-11.jpg\" data-elementor-open-lightbox=\"yes\" data-elementor-lightbox-slideshow=\"6d9c31f\" data-elementor-lightbox-title=\"Biuro Rabka Zdr\u00f3j (11)\"><br \/>\n\t\t<\/a><br \/>\n\t\t\t\t\t\t\tPrevious<br \/>\n\t\t\t\t\t\t\tNext<br \/>\n\t\t<\/a><br \/>\n\t\t<\/a><br \/>\n\t\t<\/a><br \/>\n\t\t<\/a><br \/>\n\t\t<\/a><br \/>\n\t\t<\/a>\t\t\t\t\t\t<\/p>\n<ul>\n<li>\n\t\t\t\t\t\t\t\t\t\tChab\u00f3wka 94B<br \/>34-720 Chab\u00f3wka\n\t\t\t\t\t\t\t\t\t<\/li>\n<li>\n\t\t\t\t\t<a href=\"tel:%20690%20800%20047\"><br \/>\n\t\t\t\t\t\t\t\t\t\tDoradca Handlowo-Techniczny: <br \/>Piotr 690 800 045<br \/>\n\t\t\t\t\t\t\t\t\t\t\t<\/a>\n\t\t\t\t\t\t\t\t\t<\/li>\n<li>\n\t\t\t\t\t<a href=\"tel:%20690%20800%20046\"><br \/>\n\t\t\t\t\t\t\t\t\t\tDoradca Handlowo-Techniczny: <br \/> Tomasz 690 800 046<br \/>\n\t\t\t\t\t\t\t\t\t\t\t<\/a>\n\t\t\t\t\t\t\t\t\t<\/li>\n<li>\n\t\t\t\t\t<a href=\"mailto:%20biuro@extratrapez.pl\"><br \/>\n\t\t\t\t\t\t\t\t\t\tbiuro2@extratrapez.pl<br \/>\n\t\t\t\t\t\t\t\t\t\t\t<\/a>\n\t\t\t\t\t\t\t\t\t<\/li>\n<\/ul>\n<p>\t\t\t<iframe frameborder=\"0\" scrolling=\"no\" marginheight=\"0\" marginwidth=\"0\" src=\"https:\/\/maps.google.com\/maps?q=Chab%C3%B3wka%2094B&amp;t=m&amp;z=10&amp;output=embed&amp;iwloc=near\" title=\"Chab\u00f3wka 94B\" aria-label=\"Chab\u00f3wka 94B\"><\/iframe><br \/>\n\t\t<div role=\"form\" class=\"wpcf7\" id=\"wpcf7-f14-o1\" lang=\"pl-PL\" dir=\"ltr\">\n<div class=\"screen-reader-response\" role=\"alert\" aria-live=\"polite\"><\/div>\n<form action=\"\/index.php?rest_route=%2Fwp%2Fv2%2Fpages%2F475#wpcf7-f14-o1\" method=\"post\" class=\"wpcf7-form init\" novalidate=\"novalidate\">\n<div style=\"display: none;\">\n<input type=\"hidden\" name=\"_wpcf7\" value=\"14\" \/>\n<input type=\"hidden\" name=\"_wpcf7_version\" value=\"5.2.2\" \/>\n<input type=\"hidden\" name=\"_wpcf7_locale\" value=\"pl_PL\" \/>\n<input type=\"hidden\" name=\"_wpcf7_unit_tag\" value=\"wpcf7-f14-o1\" \/>\n<input type=\"hidden\" name=\"_wpcf7_container_post\" value=\"0\" \/>\n<input type=\"hidden\" name=\"_wpcf7_posted_data_hash\" value=\"\" \/>\n<\/div>\n<p><label> Imi\u0119 i nazwisko*<br \/>\n    <span class=\"wpcf7-form-control-wrap your-name\"><input type=\"text\" name=\"your-name\" value=\"\" size=\"40\" class=\"wpcf7-form-control wpcf7-text wpcf7-validates-as-required\" aria-required=\"true\" aria-invalid=\"false\" \/><\/span> <\/label><\/p>\n<p><label> Tw\u00f3j email*<br \/>\n    <span class=\"wpcf7-form-control-wrap your-email\"><input type=\"email\" name=\"your-email\" value=\"\" size=\"40\" class=\"wpcf7-form-control wpcf7-text wpcf7-email wpcf7-validates-as-required wpcf7-validates-as-email\" aria-required=\"true\" aria-invalid=\"false\" \/><\/span> <\/label><\/p>\n<p><label> Temat*<br \/>\n    <span class=\"wpcf7-form-control-wrap your-subject\"><input type=\"text\" name=\"your-subject\" value=\"\" size=\"40\" class=\"wpcf7-form-control wpcf7-text\" aria-invalid=\"false\" \/><\/span> <\/label><\/p>\n<p><label> Tre\u015b\u0107 wiadomo\u015bci*<br \/>\n    <span class=\"wpcf7-form-control-wrap textarea-194\"><textarea name=\"textarea-194\" cols=\"40\" rows=\"10\" class=\"wpcf7-form-control wpcf7-textarea wpcf7-validates-as-required\" aria-required=\"true\" aria-invalid=\"false\"><\/textarea><\/span><\/label><\/p>\n<p>* oznaczone wymagane pola<\/p>\n<p><input type=\"submit\" value=\"Wy\u015blij\" class=\"wpcf7-form-control wpcf7-submit\" \/><\/p>\n<div class=\"wpcf7-response-output\" role=\"alert\" aria-hidden=\"true\"><\/div><\/form><\/div><\/p>\n","protected":false},"excerpt":{"rendered":"<p>Oddzia\u0142 Krak\u00f3w Previous Next ul. Tyniecka 215 30-381 Krak\u00f3w W\u0142a\u015bciciel: 880 255 333 Doradca Handlowo-Techniczny: Dawid 690 800 047 biuro@extratrapez.pl facebook.com\/extratrapez\/ Oddzia\u0142 Rabka-Zdr\u00f3j Previous Next Chab\u00f3wka 94B34-720 Chab\u00f3wka Doradca Handlowo-Techniczny: Piotr 690 800 045 Doradca Handlowo-Techniczny: Tomasz 690 800 046 biuro2@extratrapez.pl<\/p>\n","protected":false},"author":2,"featured_media":0,"parent":0,"menu_order":4,"comment_status":"closed","ping_status":"closed","template":"","meta":[],"_links":{"self":[{"href":"https:\/\/extratrapez.pl\/index.php?rest_route=\/wp\/v2\/pages\/475"}],"collection":[{"href":"https:\/\/extratrapez.pl\/index.php?rest_route=\/wp\/v2\/pages"}],"about":[{"href":"https:\/\/extratrapez.pl\/index.php?rest_route=\/wp\/v2\/types\/page"}],"author":[{"embeddable":true,"href":"https:\/\/extratrapez.pl\/index.php?rest_route=\/wp\/v2\/users\/2"}],"replies":[{"embeddable":true,"href":"https:\/\/extratrapez.pl\/index.php?rest_route=%2Fwp%2Fv2%2Fcomments&post=475"}],"version-history":[{"count":21,"href":"https:\/\/extratrapez.pl\/index.php?rest_route=\/wp\/v2\/pages\/475\/revisions"}],"predecessor-version":[{"id":1911,"href":"https:\/\/extratrapez.pl\/index.php?rest_route=\/wp\/v2\/pages\/475\/revisions\/1911"}],"wp:attachment":[{"href":"https:\/\/extratrapez.pl\/index.php?rest_route=%2Fwp%2Fv2%2Fmedia&parent=475"}],"curies":[{"name":"wp","href":"https:\/\/api.w.org\/{rel}","templated":true}]}}