{"id":500,"date":"2020-10-13T23:24:10","date_gmt":"2020-10-13T21:24:10","guid":{"rendered":"http:\/\/127.0.0.1\/wordpress\/?page_id=500"},"modified":"2023-02-27T13:43:40","modified_gmt":"2023-02-27T12:43:40","slug":"oferta","status":"publish","type":"page","link":"https:\/\/extratrapez.pl\/?page_id=500","title":{"rendered":"Oferta"},"content":{"rendered":"<figure><a href=\"http:\/\/www.extratrapez.pl\/oferta\/dachowka-ceramiczna\/\"><img width=\"512\" height=\"300\" src=\"https:\/\/extratrapez.pl\/wp-content\/uploads\/2020\/10\/ratio.jpg\" alt=\"dach\u00f3wka ceramiczna\" loading=\"lazy\" srcset=\"https:\/\/extratrapez.pl\/wp-content\/uploads\/2020\/10\/ratio.jpg 512w, https:\/\/extratrapez.pl\/wp-content\/uploads\/2020\/10\/ratio-100x59.jpg 100w, https:\/\/extratrapez.pl\/wp-content\/uploads\/2020\/10\/ratio-300x176.jpg 300w\" sizes=\"(max-width: 512px) 100vw, 512px\"><\/a><\/figure>\n<h3><a href=\"http:\/\/www.extratrapez.pl\/oferta\/dachowka-ceramiczna\/\">Dach\u00f3wka ceramiczna<\/a><\/h3>\n<figure><a href=\"http:\/\/www.extratrapez.pl\/oferta\/rynny\/\"><img width=\"512\" height=\"300\" src=\"https:\/\/extratrapez.pl\/wp-content\/uploads\/2020\/10\/images-1.jpg\" alt=\"rynny\" loading=\"lazy\" srcset=\"https:\/\/extratrapez.pl\/wp-content\/uploads\/2020\/10\/images-1.jpg 512w, https:\/\/extratrapez.pl\/wp-content\/uploads\/2020\/10\/images-1-100x59.jpg 100w, https:\/\/extratrapez.pl\/wp-content\/uploads\/2020\/10\/images-1-300x176.jpg 300w\" sizes=\"(max-width: 512px) 100vw, 512px\"><\/a><\/figure>\n<h3><a href=\"http:\/\/www.extratrapez.pl\/oferta\/rynny\/\">Rynny<\/a><\/h3>\n<figure><a href=\"http:\/\/www.extratrapez.pl\/oferta\/dachowka-plaska\/\"><img width=\"512\" height=\"300\" src=\"https:\/\/extratrapez.pl\/wp-content\/uploads\/2020\/10\/ae6e58a043a60bd0456a3b693d689c21-1.jpg\" alt=\"dach\u00f3wka p\u0142aska\" loading=\"lazy\" srcset=\"https:\/\/extratrapez.pl\/wp-content\/uploads\/2020\/10\/ae6e58a043a60bd0456a3b693d689c21-1.jpg 512w, https:\/\/extratrapez.pl\/wp-content\/uploads\/2020\/10\/ae6e58a043a60bd0456a3b693d689c21-1-100x59.jpg 100w, https:\/\/extratrapez.pl\/wp-content\/uploads\/2020\/10\/ae6e58a043a60bd0456a3b693d689c21-1-300x176.jpg 300w\" sizes=\"(max-width: 512px) 100vw, 512px\"><\/a><\/figure>\n<h3><a href=\"http:\/\/www.extratrapez.pl\/oferta\/dachowka-plaska\/\">Dach\u00f3wka p\u0142aska<\/a><\/h3>\n<figure><a href=\"http:\/\/www.extratrapez.pl\/oferta\/dachowka-betonowa\/\"><img width=\"512\" height=\"300\" src=\"https:\/\/extratrapez.pl\/wp-content\/uploads\/2020\/10\/DACHOWKA-CEMENTOWA-CREATON-HEIDELBERG-EXTRA-Rodzaj-pokrycia-Dachowka-betonowa-1.jpg\" alt=\"dach\u00f3wka betonowa\" loading=\"lazy\" srcset=\"https:\/\/extratrapez.pl\/wp-content\/uploads\/2020\/10\/DACHOWKA-CEMENTOWA-CREATON-HEIDELBERG-EXTRA-Rodzaj-pokrycia-Dachowka-betonowa-1.jpg 512w, https:\/\/extratrapez.pl\/wp-content\/uploads\/2020\/10\/DACHOWKA-CEMENTOWA-CREATON-HEIDELBERG-EXTRA-Rodzaj-pokrycia-Dachowka-betonowa-1-100x59.jpg 100w, https:\/\/extratrapez.pl\/wp-content\/uploads\/2020\/10\/DACHOWKA-CEMENTOWA-CREATON-HEIDELBERG-EXTRA-Rodzaj-pokrycia-Dachowka-betonowa-1-300x176.jpg 300w\" sizes=\"(max-width: 512px) 100vw, 512px\"><\/a><\/figure>\n<h3><a href=\"http:\/\/www.extratrapez.pl\/oferta\/dachowka-betonowa\/\">Dach\u00f3wka betonowa<\/a><\/h3>\n<figure><a href=\"http:\/\/www.extratrapez.pl\/oferta\/okna-dachowe\/\"><img width=\"512\" height=\"300\" src=\"https:\/\/extratrapez.pl\/wp-content\/uploads\/2020\/10\/i-fakro-fts-v-u2-04-66x118-1-2-e1602333792965-1.jpg\" alt=\"okna dachowe\" loading=\"lazy\" srcset=\"https:\/\/extratrapez.pl\/wp-content\/uploads\/2020\/10\/i-fakro-fts-v-u2-04-66x118-1-2-e1602333792965-1.jpg 512w, https:\/\/extratrapez.pl\/wp-content\/uploads\/2020\/10\/i-fakro-fts-v-u2-04-66x118-1-2-e1602333792965-1-100x59.jpg 100w, https:\/\/extratrapez.pl\/wp-content\/uploads\/2020\/10\/i-fakro-fts-v-u2-04-66x118-1-2-e1602333792965-1-300x176.jpg 300w\" sizes=\"(max-width: 512px) 100vw, 512px\"><\/a><\/figure>\n<h3><a href=\"http:\/\/www.extratrapez.pl\/oferta\/okna-dachowe\/\">Okna dachowe<\/a><\/h3>\n<figure><a href=\"http:\/\/www.extratrapez.pl\/oferta\/dachowka-falista\/\"><img width=\"512\" height=\"300\" src=\"https:\/\/extratrapez.pl\/wp-content\/uploads\/2020\/10\/unnamed-1.jpg\" alt=\"dach\u00f3wka falista\" loading=\"lazy\" srcset=\"https:\/\/extratrapez.pl\/wp-content\/uploads\/2020\/10\/unnamed-1.jpg 512w, https:\/\/extratrapez.pl\/wp-content\/uploads\/2020\/10\/unnamed-1-100x59.jpg 100w, https:\/\/extratrapez.pl\/wp-content\/uploads\/2020\/10\/unnamed-1-300x176.jpg 300w\" sizes=\"(max-width: 512px) 100vw, 512px\"><\/a><\/figure>\n<h3><a href=\"http:\/\/www.extratrapez.pl\/oferta\/dachowka-falista\/\">Dach\u00f3wka falista<\/a><\/h3>\n<figure><a href=\"http:\/\/www.extratrapez.pl\/oferta\/blachy-dachowe\/\"><img width=\"512\" height=\"300\" src=\"https:\/\/extratrapez.pl\/wp-content\/uploads\/2020\/10\/1-1-1.jpg\" alt=\"blachy dachowe\" loading=\"lazy\" srcset=\"https:\/\/extratrapez.pl\/wp-content\/uploads\/2020\/10\/1-1-1.jpg 512w, https:\/\/extratrapez.pl\/wp-content\/uploads\/2020\/10\/1-1-1-100x59.jpg 100w, https:\/\/extratrapez.pl\/wp-content\/uploads\/2020\/10\/1-1-1-300x176.jpg 300w\" sizes=\"(max-width: 512px) 100vw, 512px\"><\/a><\/figure>\n<h3><a href=\"http:\/\/www.extratrapez.pl\/oferta\/blachy-dachowe\/\">Blachy dachowe<\/a><\/h3>\n<figure><a href=\"http:\/\/www.extratrapez.pl\/oferta\/membrana\/\"><img width=\"512\" height=\"300\" src=\"https:\/\/extratrapez.pl\/wp-content\/uploads\/2020\/10\/Membrana-Dachowa-Tyvek-Supro-PLUS-pasek-klejacy-1.jpg\" alt=\"\" loading=\"lazy\" srcset=\"https:\/\/extratrapez.pl\/wp-content\/uploads\/2020\/10\/Membrana-Dachowa-Tyvek-Supro-PLUS-pasek-klejacy-1.jpg 512w, https:\/\/extratrapez.pl\/wp-content\/uploads\/2020\/10\/Membrana-Dachowa-Tyvek-Supro-PLUS-pasek-klejacy-1-100x59.jpg 100w, https:\/\/extratrapez.pl\/wp-content\/uploads\/2020\/10\/Membrana-Dachowa-Tyvek-Supro-PLUS-pasek-klejacy-1-300x176.jpg 300w\" sizes=\"(max-width: 512px) 100vw, 512px\"><\/a><\/figure>\n<h3><a href=\"http:\/\/www.extratrapez.pl\/oferta\/membrana\/\">Membrany<\/a><\/h3>\n<figure><a href=\"http:\/\/www.extratrapez.pl\/oferta\/producenci\/\"><img width=\"512\" height=\"300\" src=\"https:\/\/extratrapez.pl\/wp-content\/uploads\/2020\/10\/pol_pl_Tasma-kalenicowa-z-wloknina-vRoll-390-mm-x-5-mb-12929_12-1.jpg\" alt=\"inne\" loading=\"lazy\" srcset=\"https:\/\/extratrapez.pl\/wp-content\/uploads\/2020\/10\/pol_pl_Tasma-kalenicowa-z-wloknina-vRoll-390-mm-x-5-mb-12929_12-1.jpg 512w, https:\/\/extratrapez.pl\/wp-content\/uploads\/2020\/10\/pol_pl_Tasma-kalenicowa-z-wloknina-vRoll-390-mm-x-5-mb-12929_12-1-100x59.jpg 100w, https:\/\/extratrapez.pl\/wp-content\/uploads\/2020\/10\/pol_pl_Tasma-kalenicowa-z-wloknina-vRoll-390-mm-x-5-mb-12929_12-1-300x176.jpg 300w\" sizes=\"(max-width: 512px) 100vw, 512px\"><\/a><\/figure>\n<h3><a href=\"http:\/\/www.extratrapez.pl\/oferta\/producenci\/\">Producenci<\/a><\/h3>\n","protected":false},"excerpt":{"rendered":"<p>Dach\u00f3wka ceramiczna Rynny Dach\u00f3wka p\u0142aska Dach\u00f3wka betonowa Okna dachowe Dach\u00f3wka falista Blachy dachowe Membrany Producenci<\/p>\n","protected":false},"author":2,"featured_media":0,"parent":0,"menu_order":1,"comment_status":"closed","ping_status":"closed","template":"","meta":[],"_links":{"self":[{"href":"https:\/\/extratrapez.pl\/index.php?rest_route=\/wp\/v2\/pages\/500"}],"collection":[{"href":"https:\/\/extratrapez.pl\/index.php?rest_route=\/wp\/v2\/pages"}],"about":[{"href":"https:\/\/extratrapez.pl\/index.php?rest_route=\/wp\/v2\/types\/page"}],"author":[{"embeddable":true,"href":"https:\/\/extratrapez.pl\/index.php?rest_route=\/wp\/v2\/users\/2"}],"replies":[{"embeddable":true,"href":"https:\/\/extratrapez.pl\/index.php?rest_route=%2Fwp%2Fv2%2Fcomments&post=500"}],"version-history":[{"count":21,"href":"https:\/\/extratrapez.pl\/index.php?rest_route=\/wp\/v2\/pages\/500\/revisions"}],"predecessor-version":[{"id":1907,"href":"https:\/\/extratrapez.pl\/index.php?rest_route=\/wp\/v2\/pages\/500\/revisions\/1907"}],"wp:attachment":[{"href":"https:\/\/extratrapez.pl\/index.php?rest_route=%2Fwp%2Fv2%2Fmedia&parent=500"}],"curies":[{"name":"wp","href":"https:\/\/api.w.org\/{rel}","templated":true}]}}