{"id":557,"date":"2020-10-14T09:25:53","date_gmt":"2020-10-14T07:25:53","guid":{"rendered":"http:\/\/127.0.0.1\/wordpress\/?page_id=557"},"modified":"2020-10-28T00:54:30","modified_gmt":"2020-10-27T23:54:30","slug":"rynny","status":"publish","type":"page","link":"https:\/\/extratrapez.pl\/?page_id=557","title":{"rendered":"Rynny"},"content":{"rendered":"<p><strong>W naszej ofercie dost\u0119pne s\u0105 wszystkie produkty znajduj\u0105ce si\u0119 na stronie\u00a0Bilka, Galeco, Kaczmarek\u00a0:<\/strong><\/p>\n<figure><a href=\"http:\/\/w-projekt.pl\/wp-content\/uploads\/2019\/02\/BILKA_KATALOG_2018_PL.pdf\" target=\"_blank\" rel=\"noopener noreferrer\"><img width=\"512\" height=\"512\" src=\"http:\/\/extratrapez.pl\/wp-content\/uploads\/2020\/10\/bilkav2.png\" alt=\"\" loading=\"lazy\" srcset=\"http:\/\/extratrapez.pl\/wp-content\/uploads\/2020\/10\/bilkav2.png 512w, http:\/\/extratrapez.pl\/wp-content\/uploads\/2020\/10\/bilkav2-300x300.png 300w, http:\/\/extratrapez.pl\/wp-content\/uploads\/2020\/10\/bilkav2-150x150.png 150w\" sizes=\"(max-width: 512px) 100vw, 512px\" \/><\/a><\/figure>\n<h3><a href=\"http:\/\/w-projekt.pl\/wp-content\/uploads\/2019\/02\/BILKA_KATALOG_2018_PL.pdf\" target=\"_blank\" rel=\"noopener noreferrer\">Bilka<\/a><\/h3>\n<figure><a href=\"https:\/\/galeco.pl\/rynny-rynna-systemy-rynnowe\" target=\"_blank\" rel=\"noopener noreferrer\"><img width=\"512\" height=\"512\" src=\"http:\/\/extratrapez.pl\/wp-content\/uploads\/2020\/10\/galecov2.png\" alt=\"\" loading=\"lazy\" srcset=\"http:\/\/extratrapez.pl\/wp-content\/uploads\/2020\/10\/galecov2.png 512w, http:\/\/extratrapez.pl\/wp-content\/uploads\/2020\/10\/galecov2-300x300.png 300w, http:\/\/extratrapez.pl\/wp-content\/uploads\/2020\/10\/galecov2-150x150.png 150w\" sizes=\"(max-width: 512px) 100vw, 512px\" \/><\/a><\/figure>\n<h3><a href=\"https:\/\/galeco.pl\/rynny-rynna-systemy-rynnowe\" target=\"_blank\" rel=\"noopener noreferrer\">Galeco<\/a><\/h3>\n<figure><a href=\"https:\/\/kaczmarek2.pl\/download\/253\/katalog-i-%20%20instrukcje\/2644\/kaczmarek_katalog_rynna_podsufitka_2015-pl.pdf\" target=\"_blank\" rel=\"noopener noreferrer\"><img width=\"512\" height=\"512\" src=\"http:\/\/extratrapez.pl\/wp-content\/uploads\/2020\/10\/kaczmarekv2.png\" alt=\"\" loading=\"lazy\" srcset=\"http:\/\/extratrapez.pl\/wp-content\/uploads\/2020\/10\/kaczmarekv2.png 512w, http:\/\/extratrapez.pl\/wp-content\/uploads\/2020\/10\/kaczmarekv2-300x300.png 300w, http:\/\/extratrapez.pl\/wp-content\/uploads\/2020\/10\/kaczmarekv2-150x150.png 150w\" sizes=\"(max-width: 512px) 100vw, 512px\" \/><\/a><\/figure>\n<h3><a href=\"https:\/\/kaczmarek2.pl\/download\/253\/katalog-i-%20%20instrukcje\/2644\/kaczmarek_katalog_rynna_podsufitka_2015-pl.pdf\" target=\"_blank\" rel=\"noopener noreferrer\">Kaczmarek<\/a><\/h3>\n","protected":false},"excerpt":{"rendered":"<p>W naszej ofercie dost\u0119pne s\u0105 wszystkie produkty znajduj\u0105ce si\u0119 na stronie\u00a0Bilka, Galeco, Kaczmarek\u00a0: Bilka Galeco Kaczmarek<\/p>\n","protected":false},"author":2,"featured_media":0,"parent":500,"menu_order":4,"comment_status":"closed","ping_status":"closed","template":"","meta":[],"_links":{"self":[{"href":"https:\/\/extratrapez.pl\/index.php?rest_route=\/wp\/v2\/pages\/557"}],"collection":[{"href":"https:\/\/extratrapez.pl\/index.php?rest_route=\/wp\/v2\/pages"}],"about":[{"href":"https:\/\/extratrapez.pl\/index.php?rest_route=\/wp\/v2\/types\/page"}],"author":[{"embeddable":true,"href":"https:\/\/extratrapez.pl\/index.php?rest_route=\/wp\/v2\/users\/2"}],"replies":[{"embeddable":true,"href":"https:\/\/extratrapez.pl\/index.php?rest_route=%2Fwp%2Fv2%2Fcomments&post=557"}],"version-history":[{"count":5,"href":"https:\/\/extratrapez.pl\/index.php?rest_route=\/wp\/v2\/pages\/557\/revisions"}],"predecessor-version":[{"id":1561,"href":"https:\/\/extratrapez.pl\/index.php?rest_route=\/wp\/v2\/pages\/557\/revisions\/1561"}],"up":[{"embeddable":true,"href":"https:\/\/extratrapez.pl\/index.php?rest_route=\/wp\/v2\/pages\/500"}],"wp:attachment":[{"href":"https:\/\/extratrapez.pl\/index.php?rest_route=%2Fwp%2Fv2%2Fmedia&parent=557"}],"curies":[{"name":"wp","href":"https:\/\/api.w.org\/{rel}","templated":true}]}}