{"id":565,"date":"2020-10-14T09:37:31","date_gmt":"2020-10-14T07:37:31","guid":{"rendered":"http:\/\/127.0.0.1\/wordpress\/?page_id=565"},"modified":"2020-10-28T00:54:57","modified_gmt":"2020-10-27T23:54:57","slug":"okna-dachowe","status":"publish","type":"page","link":"https:\/\/extratrapez.pl\/?page_id=565","title":{"rendered":"Okna dachowe"},"content":{"rendered":"<p><strong>W naszej ofercie dost\u0119pne s\u0105 wszystkie produkty znajduj\u0105ce si\u0119 na stronach Fakro, Velux i Roto:<\/strong><\/p>\n<figure><a href=\"https:\/\/www.fakro.pl\/okna-dachowe\/\" target=\"_blank\" rel=\"noopener noreferrer\"><img width=\"512\" height=\"512\" src=\"http:\/\/extratrapez.pl\/wp-content\/uploads\/2020\/10\/fakrov2.png\" alt=\"\" loading=\"lazy\" srcset=\"http:\/\/extratrapez.pl\/wp-content\/uploads\/2020\/10\/fakrov2.png 512w, http:\/\/extratrapez.pl\/wp-content\/uploads\/2020\/10\/fakrov2-300x300.png 300w, http:\/\/extratrapez.pl\/wp-content\/uploads\/2020\/10\/fakrov2-150x150.png 150w\" sizes=\"(max-width: 512px) 100vw, 512px\" \/><\/a><\/figure>\n<h3><a href=\"https:\/\/www.fakro.pl\/okna-dachowe\/\" target=\"_blank\" rel=\"noopener noreferrer\">Fakro<\/a><\/h3>\n<figure><a href=\"https:\/\/www.velux.pl\/produkty\" target=\"_blank\" rel=\"noopener noreferrer\"><img width=\"512\" height=\"512\" src=\"http:\/\/extratrapez.pl\/wp-content\/uploads\/2020\/10\/5019-velux_logo.jpg\" alt=\"\" loading=\"lazy\" srcset=\"http:\/\/extratrapez.pl\/wp-content\/uploads\/2020\/10\/5019-velux_logo.jpg 512w, http:\/\/extratrapez.pl\/wp-content\/uploads\/2020\/10\/5019-velux_logo-300x300.jpg 300w, http:\/\/extratrapez.pl\/wp-content\/uploads\/2020\/10\/5019-velux_logo-150x150.jpg 150w\" sizes=\"(max-width: 512px) 100vw, 512px\" \/><\/a><\/figure>\n<h3><a href=\"https:\/\/www.velux.pl\/produkty\" target=\"_blank\" rel=\"noopener noreferrer\">Velux<\/a><\/h3>\n<figure><a href=\"https:\/\/www.roto-oknadachowe.pl\/swiat-produktow\/podglad\" target=\"_blank\" rel=\"noopener noreferrer\"><img width=\"512\" height=\"512\" src=\"http:\/\/extratrapez.pl\/wp-content\/uploads\/2020\/10\/rotov2.png\" alt=\"\" loading=\"lazy\" srcset=\"http:\/\/extratrapez.pl\/wp-content\/uploads\/2020\/10\/rotov2.png 512w, http:\/\/extratrapez.pl\/wp-content\/uploads\/2020\/10\/rotov2-300x300.png 300w, http:\/\/extratrapez.pl\/wp-content\/uploads\/2020\/10\/rotov2-150x150.png 150w\" sizes=\"(max-width: 512px) 100vw, 512px\" \/><\/a><\/figure>\n<h3><a href=\"https:\/\/www.roto-oknadachowe.pl\/swiat-produktow\/podglad\" target=\"_blank\" rel=\"noopener noreferrer\">Roto<\/a><\/h3>\n","protected":false},"excerpt":{"rendered":"<p>W naszej ofercie dost\u0119pne s\u0105 wszystkie produkty znajduj\u0105ce si\u0119 na stronach Fakro, Velux i Roto: Fakro Velux Roto<\/p>\n","protected":false},"author":2,"featured_media":0,"parent":500,"menu_order":5,"comment_status":"closed","ping_status":"closed","template":"","meta":[],"_links":{"self":[{"href":"https:\/\/extratrapez.pl\/index.php?rest_route=\/wp\/v2\/pages\/565"}],"collection":[{"href":"https:\/\/extratrapez.pl\/index.php?rest_route=\/wp\/v2\/pages"}],"about":[{"href":"https:\/\/extratrapez.pl\/index.php?rest_route=\/wp\/v2\/types\/page"}],"author":[{"embeddable":true,"href":"https:\/\/extratrapez.pl\/index.php?rest_route=\/wp\/v2\/users\/2"}],"replies":[{"embeddable":true,"href":"https:\/\/extratrapez.pl\/index.php?rest_route=%2Fwp%2Fv2%2Fcomments&post=565"}],"version-history":[{"count":4,"href":"https:\/\/extratrapez.pl\/index.php?rest_route=\/wp\/v2\/pages\/565\/revisions"}],"predecessor-version":[{"id":1562,"href":"https:\/\/extratrapez.pl\/index.php?rest_route=\/wp\/v2\/pages\/565\/revisions\/1562"}],"up":[{"embeddable":true,"href":"https:\/\/extratrapez.pl\/index.php?rest_route=\/wp\/v2\/pages\/500"}],"wp:attachment":[{"href":"https:\/\/extratrapez.pl\/index.php?rest_route=%2Fwp%2Fv2%2Fmedia&parent=565"}],"curies":[{"name":"wp","href":"https:\/\/api.w.org\/{rel}","templated":true}]}}